{"id":16,"date":"2012-04-11T21:52:26","date_gmt":"2012-04-11T19:52:26","guid":{"rendered":"http:\/\/biblischeauslegung.de\/?page_id=16"},"modified":"2012-06-24T10:07:06","modified_gmt":"2012-06-24T08:07:06","slug":"personen","status":"publish","type":"page","link":"http:\/\/biblischeauslegung.de\/?page_id=16","title":{"rendered":"Personen"},"content":{"rendered":"<p>Hier sind Bibelwissenschaftlerinnen und Bibelwissenschaftler aufgef\u00fchrt, die &#8220;Biblische Auslegung&#8221; betreiben oder \u00e4hnliche Konzepte verfolgen.<\/p>\n<h3>Dohmen, Christoph<\/h3>\n<address style=\"padding-left: 30px;\">Biblische Auslegung<\/address>\n<address style=\"padding-left: 30px;\">Professor f\u00fcr Biblische Theologie: Exegese und Hermeneutik des Alten Testaments<\/address>\n<address style=\"padding-left: 30px;\">Katholisch-Theologische Fakult\u00e4t der Universit\u00e4t Regensburg<\/address>\n<address style=\"padding-left: 30px;\">Universit\u00e4tsstr. 31, D-93053 Regensburg<\/address>\n<address style=\"padding-left: 30px;\"><span style=\"font-style: italic;\">Telefon: 0941\/943-3723<\/span><\/address>\n<address style=\"padding-left: 30px;\"><span style=\"font-style: italic;\"> <\/span>christoph.dohmen@theologie.uni-regensburg.de<\/address>\n<address style=\"padding-left: 30px;\"> <\/address>\n<p>&nbsp;<\/p>\n<h3>Hieke, Thomas<\/h3>\n<address style=\"padding-left: 30px;\">Biblische Auslegung<\/address>\n<address style=\"padding-left: 30px;\">Professor f\u00fcr Altes Testament<\/address>\n<address style=\"padding-left: 30px;\">FB 01, Katholisch-Theologische Fakult\u00e4t<\/address>\n<address style=\"padding-left: 30px;\">Johannes Gutenberg-Universit\u00e4t Mainz, D-55099 Mainz<\/address>\n<address style=\"padding-left: 30px;\">Telefon: 06131\/39-20876; privat: 09643\/4347<\/address>\n<address style=\"padding-left: 30px;\">thieke@uni-mainz.de <\/address>\n<address style=\"padding-left: 30px;\">http:\/\/blog.thomashieke.de<\/address>\n<p>&nbsp;<\/p>\n<h3>Millard, Matthias<\/h3>\n<address style=\"padding-left: 30px;\"> Kanonische und j\u00fcdisch-auslegungsgeschichtliche Bibelauslegung<\/address>\n<address style=\"padding-left: 30px;\"> apl. Professor f\u00fcr Altes Testament<\/address>\n<address style=\"padding-left: 30px;\"> Kirchliche Hochschule Bethel<\/address>\n<address style=\"padding-left: 30px;\">Missionsstr. 9, 442285 Wuppertal<\/address>\n<address style=\"padding-left: 30px;\"> Telefon: 05231-709687<\/address>\n<address style=\"padding-left: 30px;\"> matthiasmillard@aol.com<\/address>\n<p>&nbsp;<\/p>\n<p><span style=\"color: #000000; font-size: 18px; line-height: 27px;\">Nicklas, Tobias<\/span><\/p>\n<address style=\"padding-left: 30px;\">Biblische Auslegung<\/address>\n<address style=\"padding-left: 30px;\">Professor f\u00fcr Biblische Theologie: Exegese und Hermeneutik des Neuen Testaments<\/address>\n<address style=\"padding-left: 30px;\">Katholisch-Theologische Fakult\u00e4t der Universit\u00e4t Regensburg<\/address>\n<address style=\"padding-left: 30px;\">Universit\u00e4tsstr. 31, D-93053 Regensburg<\/address>\n<address style=\"padding-left: 30px;\">Telefon: 0941\/943-3690<\/address>\n<address style=\"padding-left: 30px;\">tobias.nicklas@theologie.uni-regensburg.de<\/address>\n<p>&nbsp;<\/p>\n<h3>Schwienhorst-Sch\u00f6nberger, Ludger<\/h3>\n<address style=\"padding-left: 30px;\">Kontemplatives Schriftverst\u00e4ndnis; patristische Auslegung<\/address>\n<address style=\"padding-left: 30px;\">Professor am Institut f\u00fcr Alttestamentliche Bibelwissenschaft<\/address>\n<address style=\"padding-left: 30px;\">Katholisch-Theologische Fakult\u00e4t der Universit\u00e4t Wien<\/address>\n<address style=\"padding-left: 30px;\">Schenkensstr. 8-10, A-1010 Wien<\/address>\n<address style=\"padding-left: 30px;\">Telefon: 0043-1-4277-30402<\/address>\n<address style=\"padding-left: 30px;\">ludger.schwienhorst-schoenberger@univie.ac.at<\/address>\n<p>&nbsp;<\/p>\n<h3>Smit, Peter-Ben<\/h3>\n<address style=\"padding-left: 30px;\"> Kanonische Bibelauslegung<\/address>\n<address style=\"padding-left: 30px;\">Universit\u00e4tsdozent f\u00fcr Neues Testament, Faculteit der Godgeleerdheid, Vrije Universiteit Amsterdam<\/address>\n<address style=\"padding-left: 30px;\">De Boelelaan 1105-14A33, 1081 HV Amsterdam<\/address>\n<address style=\"padding-left: 30px;\">p.b.a.smit@vu.nl<\/address>\n<address style=\"padding-left: 30px;\">ao. Professor f\u00fcr &#8220;Alte Katholische Kirchenstrukturen&#8221; (f\u00fcr das Alt-Katholische Seminar), Departement Religiewetenschap en Theologie, Faculteit der Geesteswetenschapen, Universiteit Utrecht<\/address>\n<address style=\"padding-left: 30px;\">Trans 14, 3512 JK Utrecht<\/address>\n<address style=\"padding-left: 30px;\">p.b.a.smit@uu.nl<\/address>\n<address> <\/address>\n<p>&nbsp;<\/p>\n<h3>Steinberg, Julius<\/h3>\n<address style=\"padding-left: 30px;\">Kanonische Bibelauslegung<\/address>\n<address style=\"padding-left: 30px;\">Dozent f\u00fcr Altes Testament<\/address>\n<address style=\"padding-left: 30px;\">Theologisches Seminar Ewersbach<\/address>\n<address style=\"padding-left: 30px;\">Auf der Weide 15, 35716 Dietzh\u00f6lztal<\/address>\n<address style=\"padding-left: 30px;\">02774 &#8211; 929126<\/address>\n<address style=\"padding-left: 30px;\">julius.steinberg@gmx.de<\/address>\n<p>&nbsp;<\/p>\n<h3>Steins, Georg<\/h3>\n<address style=\"padding-left: 30px;\">Kanonisch-intertextuelle Lekt\u00fcre<\/address>\n<address style=\"padding-left: 30px;\">Professor f\u00fcr Alttestamentliche Theologie<\/address>\n<address style=\"padding-left: 30px;\">Institut f\u00fcr Kath. Theologie<\/address>\n<address style=\"padding-left: 30px;\">Schlo\u00dfstra\u00dfe 4, D-49074 Osnabr\u00fcck<\/address>\n<address style=\"padding-left: 30px;\">0541\/969-4203 oder 4236<\/address>\n<address style=\"padding-left: 30px;\">georg.steins@t-online.de<\/address>\n<p>&nbsp;<\/p>\n<h3>Taschner, Johannes<\/h3>\n<address style=\"padding-left: 30px;\"> Kanonische Bibelauslegung<\/address>\n<address style=\"padding-left: 30px;\">Privatdozent an der Kirchlichen Hochschule Wuppertal-Bethel und derzeit Pfarrer am Comenius-Gymnasium in D\u00fcsseldorf<\/address>\n<address style=\"padding-left: 30px;\">Rembrandtstra\u00dfe 13, 40237 D\u00fcsseldorf<\/address>\n<address style=\"padding-left: 30px;\">0211-9661719<\/address>\n<address style=\"padding-left: 30px;\">johannestaschner@yahoo.de<\/address>\n<p>&nbsp;<\/p>\n","protected":false},"excerpt":{"rendered":"<p>Hier sind Bibelwissenschaftlerinnen und Bibelwissenschaftler aufgef\u00fchrt, die &#8220;Biblische Auslegung&#8221; betreiben oder \u00e4hnliche Konzepte verfolgen. Dohmen, Christoph Biblische Auslegung Professor f\u00fcr Biblische Theologie: Exegese und Hermeneutik des Alten Testaments Katholisch-Theologische Fakult\u00e4t der Universit\u00e4t Regensburg Universit\u00e4tsstr. 31, D-93053 Regensburg Telefon: 0941\/943-3723 christoph.dohmen@theologie.uni-regensburg.de &hellip; <a href=\"http:\/\/biblischeauslegung.de\/?page_id=16\">Continue reading <span class=\"meta-nav\">&rarr;<\/span><\/a><\/p>\n","protected":false},"author":1,"featured_media":0,"parent":0,"menu_order":4,"comment_status":"closed","ping_status":"closed","template":"","meta":{"footnotes":""},"class_list":["post-16","page","type-page","status-publish","hentry"],"_links":{"self":[{"href":"http:\/\/biblischeauslegung.de\/index.php?rest_route=\/wp\/v2\/pages\/16","targetHints":{"allow":["GET"]}}],"collection":[{"href":"http:\/\/biblischeauslegung.de\/index.php?rest_route=\/wp\/v2\/pages"}],"about":[{"href":"http:\/\/biblischeauslegung.de\/index.php?rest_route=\/wp\/v2\/types\/page"}],"author":[{"embeddable":true,"href":"http:\/\/biblischeauslegung.de\/index.php?rest_route=\/wp\/v2\/users\/1"}],"replies":[{"embeddable":true,"href":"http:\/\/biblischeauslegung.de\/index.php?rest_route=%2Fwp%2Fv2%2Fcomments&post=16"}],"version-history":[{"count":11,"href":"http:\/\/biblischeauslegung.de\/index.php?rest_route=\/wp\/v2\/pages\/16\/revisions"}],"predecessor-version":[{"id":84,"href":"http:\/\/biblischeauslegung.de\/index.php?rest_route=\/wp\/v2\/pages\/16\/revisions\/84"}],"wp:attachment":[{"href":"http:\/\/biblischeauslegung.de\/index.php?rest_route=%2Fwp%2Fv2%2Fmedia&parent=16"}],"curies":[{"name":"wp","href":"https:\/\/api.w.org\/{rel}","templated":true}]}}