{"id":182,"date":"2018-05-27T18:24:25","date_gmt":"2018-05-27T16:24:25","guid":{"rendered":"http:\/\/biblischeauslegung.de\/?page_id=182"},"modified":"2018-05-27T18:24:51","modified_gmt":"2018-05-27T16:24:51","slug":"impressum","status":"publish","type":"page","link":"http:\/\/biblischeauslegung.de\/?page_id=182","title":{"rendered":"Impressum"},"content":{"rendered":"<p>Univ.-Prof. Dr. Thomas Hieke<br \/>\nS\u00e4gm\u00fchle 7<br \/>\n91275 Auerbach-Michelfeld<br \/>\nth@thomashieke.de<\/p>\n<p>Dienstadresse:<br \/>\nJohannes Gutenberg-Universit\u00e4t Mainz<br \/>\nFB 01, Katholisch-Theologische Fakult\u00e4t,\u00a0Abteilung Altes Testament<br \/>\nD-55099 Mainz<br \/>\nthieke@uni-mainz.de<\/p>\n","protected":false},"excerpt":{"rendered":"<p>Univ.-Prof. Dr. Thomas Hieke S\u00e4gm\u00fchle 7 91275 Auerbach-Michelfeld th@thomashieke.de Dienstadresse: Johannes Gutenberg-Universit\u00e4t Mainz FB 01, Katholisch-Theologische Fakult\u00e4t,\u00a0Abteilung Altes Testament D-55099 Mainz thieke@uni-mainz.de<\/p>\n","protected":false},"author":1,"featured_media":0,"parent":0,"menu_order":10,"comment_status":"closed","ping_status":"closed","template":"","meta":{"footnotes":""},"class_list":["post-182","page","type-page","status-publish","hentry"],"_links":{"self":[{"href":"http:\/\/biblischeauslegung.de\/index.php?rest_route=\/wp\/v2\/pages\/182","targetHints":{"allow":["GET"]}}],"collection":[{"href":"http:\/\/biblischeauslegung.de\/index.php?rest_route=\/wp\/v2\/pages"}],"about":[{"href":"http:\/\/biblischeauslegung.de\/index.php?rest_route=\/wp\/v2\/types\/page"}],"author":[{"embeddable":true,"href":"http:\/\/biblischeauslegung.de\/index.php?rest_route=\/wp\/v2\/users\/1"}],"replies":[{"embeddable":true,"href":"http:\/\/biblischeauslegung.de\/index.php?rest_route=%2Fwp%2Fv2%2Fcomments&post=182"}],"version-history":[{"count":1,"href":"http:\/\/biblischeauslegung.de\/index.php?rest_route=\/wp\/v2\/pages\/182\/revisions"}],"predecessor-version":[{"id":183,"href":"http:\/\/biblischeauslegung.de\/index.php?rest_route=\/wp\/v2\/pages\/182\/revisions\/183"}],"wp:attachment":[{"href":"http:\/\/biblischeauslegung.de\/index.php?rest_route=%2Fwp%2Fv2%2Fmedia&parent=182"}],"curies":[{"name":"wp","href":"https:\/\/api.w.org\/{rel}","templated":true}]}}