{"id":27,"date":"2012-04-11T22:00:39","date_gmt":"2012-04-11T20:00:39","guid":{"rendered":"http:\/\/biblischeauslegung.de\/?page_id=27"},"modified":"2017-07-05T09:21:13","modified_gmt":"2017-07-05T07:21:13","slug":"tagungen","status":"publish","type":"page","link":"http:\/\/biblischeauslegung.de\/?page_id=27","title":{"rendered":"Tagungen"},"content":{"rendered":"<p><strong>Bisherige Treffen:<\/strong><\/p>\n<p><strong>Sommer 2001: Colloquium Biblicum in Leuven<\/strong> (Workshop \u00fcber Intertextualit\u00e4t)<\/p>\n<p><strong>Herbst 2002:<\/strong> <strong><a title=\"Osnabr\u00fcck 2002\" href=\"http:\/\/biblischeauslegung.de\/?page_id=31\">Treffen in Osnabr\u00fcck<\/a><\/strong><\/p>\n<p><strong>2003: SBL Leuven<\/strong> (Werkstattberichte zu Intertextualit\u00e4t und Canonical Approach)<\/p>\n<p><strong>ab 2004 als Research Group der\u00a0<a href=\"https:\/\/www.eabs.net\/\" target=\"_blank\" rel=\"noopener\">European Association of Biblical Studies (EABS)<\/a>:<\/strong> \u201eCanonical Approaches to the Bible\u201c mit folgenden Themen:<\/p>\n<p><strong>Sommer 2004:<\/strong> <strong><a title=\"Groningen 2004\" href=\"http:\/\/biblischeauslegung.de\/?page_id=34\">European Association of Biblical Studies (EABS) in Groningen<\/a>*<\/strong>: &#8220;Method of the Canonical Approach&#8221;<\/p>\n<p><strong>Sommer 2005:<\/strong> <strong><a title=\"Dresden 2005\" href=\"http:\/\/biblischeauslegung.de\/?page_id=38\">European Association of Biblical Studies (EABS) in Dresden<\/a><\/strong>: &#8220;Die kanonische Funktion der Psalmen&#8221;<\/p>\n<p><strong>Sommer 2006: European Association of Biblical Studies (EABS) in Budapest<\/strong>: &#8220;Die Tora \u2013 f\u00fcnf B\u00fccher und ein Konzept?&#8221;<\/p>\n<p><strong>Sommer 2007: European Association of Biblical Studies (EABS) in Wien*<\/strong>: &#8220;Abschlussph\u00e4nomene des Kanons&#8221;<\/p>\n<p><strong>Sommer 2009: European Association of Biblical Studies (EABS) in Lincoln<\/strong>: &#8220;The Canon as a Didactic Concept?&#8221;<\/p>\n<p><strong>Sommer 2011:\u00a0European Association of Biblical Studies (EABS) in Thessaloniki<\/strong>: &#8220;Speaking of Canon in the Light of the Different Shapes of the Canon&#8221;<\/p>\n<p><strong>Sommer 2012: European Association of Biblical Studies (EABS) in Amsterdam*<\/strong>: &#8220;Relationsship(s) of the two Parts of the Bible&#8221;<\/p>\n<p><strong>Sommer 2013: European Association of Biblical Studies (EABS) in Leipzig<\/strong>: &#8220;Biblical Canon(s) and Cultural Memory&#8221;<\/p>\n<p><strong>Sommer 2014: European Association of Biblical Studies (EABS) in Wien*<\/strong>: &#8220;The Multivalence of Canon&#8221;<\/p>\n<p><strong>Sommer 2015: European Association of Biblical Studies (EABS) in Cordoba<\/strong><\/p>\n<div id=\"site\" class=\"two-sidebar-center\">\n<div id=\"page\" class=\"thepage\">\n<div class=\"page-canvas\">\n<div id=\"page-main\" class=\"container-group\">\n<div id=\"dynamic-content\" class=\"outline\">\n<section id=\"content\" class=\"container clone_1 section-content-area fix\">\n<div class=\"texture\">\n<div class=\"content\">\n<div class=\"content-pad\">\n<div id=\"pagelines_content\" class=\"two-sidebar-center fix\">\n<div id=\"column-wrap\" class=\"fix\">\n<div id=\"column-main\" class=\"mcolumn fix\">\n<div class=\"mcolumn-pad\">\n<section id=\"postloop\" class=\"copy clone_1 section-postloop\">\n<div class=\"copy-pad\">\n<article id=\"post-523\" class=\"fpost post-number-1 post-523 page type-page status-publish has-post-thumbnail hentry pmpro-has-access\">\n<div class=\"hentry-pad\">\n<div class=\"entry_wrap fix\">\n<div class=\"entry_content\">\n<p><em>From 2016 to 2018<\/em> we are going to focus on the special function of the beginnings and endings of biblical books. The title of this ongoing project will be: <em>\u201cIn the beginning\u2026 .\u201d<br \/>\n<\/em><a href=\"https:\/\/eabs.net\/site\/canonical-approaches-to-the-bible\/\">see also the EABS website of the Research Unit<\/a><\/p>\n<\/div>\n<\/div>\n<\/div>\n<\/article>\n<\/div>\n<\/section>\n<\/div>\n<\/div>\n<\/div>\n<\/div>\n<\/div>\n<\/div>\n<\/div>\n<\/section>\n<\/div>\n<\/div>\n<\/div>\n<\/div>\n<\/div>\n<p><strong>Sommer 2016: European Association of Biblical Studies (EABS) in Leuven:<br \/>\n<\/strong>The Openings of the Biblical Books as a Hermeneutical Key<\/p>\n<p><strong>Sommer 2017:\u00a0European Association of Biblical Studies (EABS) in Berlin*:<br \/>\n<\/strong>The Endings of Biblical Books as a Hermeneutical Key<\/p>\n<p><strong>Sommer 2018:\u00a0European Association of Biblical Studies (EABS):<br \/>\n<\/strong>The Openings and Endings of Biblical Books \u2013 Topics on the Way to a Canon Conscious Biblical Theology<\/p>\n<p>*= together with SBL International Meeting.<\/p>\n<p>&nbsp;<\/p>\n<p><strong>Publikationen, die aus den Tagungsbeitr\u00e4gen hervorgingen:<\/strong><\/p>\n<p>Egbert Ballhorn\/Georg Steins (Hg.), Der Bibelkanon in der Bibelauslegung. Methodenreflexionen und Beispielexegesen, Stuttgart 2007.<\/p>\n<p>Georg Steins\/Johannes Taschner (Hg.), Kanonisierung \u2013 die Hebr\u00e4ische Bibel im Werden, Biblisch-theologische Studien 110, Neukirchen-Vluyn 2010.<\/p>\n<p>Hieke, Thomas (Hg.), Formen des Kanons. Studien zu Auspr\u00e4gungen des biblischen Kanons von der Antike bis zum 19. Jahrhundert (SBS 228), Stuttgart 2013. ISBN 978-3-460-03284-2. <a title=\"English Abstracts\" href=\"http:\/\/biblischeauslegung.de\/?page_id=53\">Abstract<\/a><\/p>\n<p>Georg Steins\/Philip Sumpter\/Johannes Taschner (Ed.), Relationships between the Two Parts of the Christian Bible, Osnabr\u00fccker Studien zur J\u00fcdischen und Christlichen Bibel (OSJCB), G\u00f6ttingen (forthcoming).<\/p>\n<p>&nbsp;<\/p>\n","protected":false},"excerpt":{"rendered":"<p>Bisherige Treffen: Sommer 2001: Colloquium Biblicum in Leuven (Workshop \u00fcber Intertextualit\u00e4t) Herbst 2002: Treffen in Osnabr\u00fcck 2003: SBL Leuven (Werkstattberichte zu Intertextualit\u00e4t und Canonical Approach) ab 2004 als Research Group der\u00a0European Association of Biblical Studies (EABS): \u201eCanonical Approaches to the &hellip; <a href=\"http:\/\/biblischeauslegung.de\/?page_id=27\">Continue reading <span class=\"meta-nav\">&rarr;<\/span><\/a><\/p>\n","protected":false},"author":1,"featured_media":0,"parent":0,"menu_order":5,"comment_status":"closed","ping_status":"closed","template":"","meta":{"footnotes":""},"class_list":["post-27","page","type-page","status-publish","hentry"],"_links":{"self":[{"href":"http:\/\/biblischeauslegung.de\/index.php?rest_route=\/wp\/v2\/pages\/27","targetHints":{"allow":["GET"]}}],"collection":[{"href":"http:\/\/biblischeauslegung.de\/index.php?rest_route=\/wp\/v2\/pages"}],"about":[{"href":"http:\/\/biblischeauslegung.de\/index.php?rest_route=\/wp\/v2\/types\/page"}],"author":[{"embeddable":true,"href":"http:\/\/biblischeauslegung.de\/index.php?rest_route=\/wp\/v2\/users\/1"}],"replies":[{"embeddable":true,"href":"http:\/\/biblischeauslegung.de\/index.php?rest_route=%2Fwp%2Fv2%2Fcomments&post=27"}],"version-history":[{"count":15,"href":"http:\/\/biblischeauslegung.de\/index.php?rest_route=\/wp\/v2\/pages\/27\/revisions"}],"predecessor-version":[{"id":180,"href":"http:\/\/biblischeauslegung.de\/index.php?rest_route=\/wp\/v2\/pages\/27\/revisions\/180"}],"wp:attachment":[{"href":"http:\/\/biblischeauslegung.de\/index.php?rest_route=%2Fwp%2Fv2%2Fmedia&parent=27"}],"curies":[{"name":"wp","href":"https:\/\/api.w.org\/{rel}","templated":true}]}}