{"id":51,"date":"2012-04-11T22:22:29","date_gmt":"2012-04-11T20:22:29","guid":{"rendered":"http:\/\/biblischeauslegung.de\/?page_id=51"},"modified":"2012-06-24T10:07:39","modified_gmt":"2012-06-24T08:07:39","slug":"offb-226-21","status":"publish","type":"page","link":"http:\/\/biblischeauslegung.de\/?page_id=51","title":{"rendered":"Offb 22,6-21"},"content":{"rendered":"<p><strong><span style=\"font-size: medium;\">Thomas Hieke\/Tobias Nicklas, \u00bbDie Worte der Prophetie dieses Buches\u00ab. Offenbarung 22,6-21 als Schlussstein der christlichen Bibel Alten und Neuen Testaments gelesen, Biblisch-Theologische Studien 62, Neukirchen-Vluyn: Neukirchener, 2003.<\/span><\/strong><\/p>\n<p>Das Ende der christlichen Bibel, Offb 22,6-21, hat als solches bisher wenig Aufmerksamkeit erhalten \u2013 dabei kommt es bei jedem guten Buch auch auf den Schluss an.<\/p>\n<p>Wenn man in einem konsequent leserortientierten und textzentrierten Zugang die Lekt\u00fcre dieses Textes reflektiert, macht man verbl\u00fcffende Entdeckungen: Der Text gibt R\u00e4tsel auf, die er sukzessive wieder aufl\u00f6st \u2013 z.B. hinsichtlich der Frage, wer gerade der Sprecher ist \u2013 und zwingt so zum mehrfachen Lesen. Vieles ist nur verst\u00e4ndlich, wenn man zentrale Texte der vorausgehenden Bibel Alten und Neuen Testaments einspielt. Schlie\u00dflich entpuppt sich der Text f\u00fcr einen Leser, der \u201eseine Bibel kennt\u201c, als Schlussstein, in dem wichtige Linien zusammenlaufen.<\/p>\n<p>Die Wendung \u00bbDie Worte der Prophetie dieses Buches\u00ab kehrt hier sechs Mal wieder. Was ist \u00bbdieses Buch\u00ab? Es k\u00f6nnte auch die Bibel sein\u00a0\u2026 Offb 22,6-21 umklammert die christliche Heilige Schrift, vom Baum des Lebens im Buch Genesis bis zum Himmlischen Jerusalem in Offb 21.<\/p>\n<p>Dieser Funktion wird man nur ansichtig, wenn man die Stellung des Textes im Kanon f\u00fcr die Auslegung produktiv mit ber\u00fccksichtigt. Die dabei angewandte Methode ist im Repertoire der Bibelwissenschaft noch ungew\u00f6hnlich, daher reflektiert die Studie ausf\u00fchrlich ihren bibelwissenschaftlichen Zugang. Methode und Auslegung korrelieren stets \u2013 hier wird das ausdr\u00fccklich vorgef\u00fchrt.<\/p>\n<p>Vor allem muss bei diesem Zugang ber\u00fccksichtigt werden, welchen Text man der Auslegung zugrunde legt. Das reicht von der jeweilig unterschiedlichen Kanonauspr\u00e4gung (j\u00fcdisch, christlich, katholisch\/protestantisch usw.) bis hin zur Sprache (hebr\u00e4isch, griechisch, deutsch usw.). Aus einer Reihe von gewichtigen Gr\u00fcnden, die im Anhang ausf\u00fchrlich dargelegt werden, erweist sich eine zweigeteilte christliche Bibel, deren erster Teil die sogenannte Septuaginta ausmacht, als geeignete Textgrundlage.<\/p>\n<p>&nbsp;<\/p>\n","protected":false},"excerpt":{"rendered":"<p>Thomas Hieke\/Tobias Nicklas, \u00bbDie Worte der Prophetie dieses Buches\u00ab. Offenbarung 22,6-21 als Schlussstein der christlichen Bibel Alten und Neuen Testaments gelesen, Biblisch-Theologische Studien 62, Neukirchen-Vluyn: Neukirchener, 2003. Das Ende der christlichen Bibel, Offb 22,6-21, hat als solches bisher wenig Aufmerksamkeit &hellip; <a href=\"http:\/\/biblischeauslegung.de\/?page_id=51\">Continue reading <span class=\"meta-nav\">&rarr;<\/span><\/a><\/p>\n","protected":false},"author":1,"featured_media":0,"parent":42,"menu_order":1,"comment_status":"closed","ping_status":"closed","template":"","meta":{"footnotes":""},"class_list":["post-51","page","type-page","status-publish","hentry"],"_links":{"self":[{"href":"http:\/\/biblischeauslegung.de\/index.php?rest_route=\/wp\/v2\/pages\/51","targetHints":{"allow":["GET"]}}],"collection":[{"href":"http:\/\/biblischeauslegung.de\/index.php?rest_route=\/wp\/v2\/pages"}],"about":[{"href":"http:\/\/biblischeauslegung.de\/index.php?rest_route=\/wp\/v2\/types\/page"}],"author":[{"embeddable":true,"href":"http:\/\/biblischeauslegung.de\/index.php?rest_route=\/wp\/v2\/users\/1"}],"replies":[{"embeddable":true,"href":"http:\/\/biblischeauslegung.de\/index.php?rest_route=%2Fwp%2Fv2%2Fcomments&post=51"}],"version-history":[{"count":3,"href":"http:\/\/biblischeauslegung.de\/index.php?rest_route=\/wp\/v2\/pages\/51\/revisions"}],"predecessor-version":[{"id":54,"href":"http:\/\/biblischeauslegung.de\/index.php?rest_route=\/wp\/v2\/pages\/51\/revisions\/54"}],"up":[{"embeddable":true,"href":"http:\/\/biblischeauslegung.de\/index.php?rest_route=\/wp\/v2\/pages\/42"}],"wp:attachment":[{"href":"http:\/\/biblischeauslegung.de\/index.php?rest_route=%2Fwp%2Fv2%2Fmedia&parent=51"}],"curies":[{"name":"wp","href":"https:\/\/api.w.org\/{rel}","templated":true}]}}