{"id":67,"date":"2012-04-12T00:52:17","date_gmt":"2012-04-11T22:52:17","guid":{"rendered":"http:\/\/biblischeauslegung.de\/?page_id=67"},"modified":"2015-06-10T17:34:13","modified_gmt":"2015-06-10T15:34:13","slug":"textarbeit","status":"publish","type":"page","link":"http:\/\/biblischeauslegung.de\/?page_id=67","title":{"rendered":"Textarbeit"},"content":{"rendered":"<ul>\n<li>Ballhorn, Egbert, Vom Sekret\u00e4r des Jeremia zum schriftgelehrten Weisen. Die Figur des Baruch und die kanonische Einbindung des Buches, in: Hieke, Thomas (Hg.), Formen des Kanons. Studien zu Auspr\u00e4gungen des biblischen Kanons von der Antike bis zum 19. Jahrhundert (SBS 228), Stuttgart: Katholisches Bibelwerk, 2013, 209-224. <a title=\"English Abstracts\" href=\"http:\/\/biblischeauslegung.de\/?page_id=53\">Abstract<\/a><\/li>\n<li>Ballhorn, Egbert\/Steins, Georg (Hg.), Der Bibelkanon in der Bibelauslegung. Methodenreflexionen und Beispielexegesen, Stuttgart u.a.: Kohlhammer, 2007.<\/li>\n<li>Braun, Heike, Geschichte des Gottesvolkes und christliche Identit\u00e4t. Eine kanonisch-intertextuelle Auslegung der Stephanusepisode Apg 6,1-8,3 (WUNT II, 279), T\u00fcbingen: Mohr Siebeck, 2010.<\/li>\n<li>Dohmen, Christoph,\u00a0Wenn Texte Texte ver\u00e4ndern. Spuren der Kanonisierung der Tora vom Exodusbuch her, in:\u00a0Zenger, Erich\u00a0(Hg.),\u00a0<em>Die Tora als Kanon f\u00fcr Juden und Christen<\/em>, Freiburg: Herder, 1996, 35\u201360.<\/li>\n<li>Dohmen, Christoph, Untergang oder Rettung der Quellenscheidung? Die Sintfluterz\u00e4hlung als Pr\u00fcfstein der Pentateuchexegese, in: W\u00e9nin, A. (Hg.),\u00a0<em>Studies in the Book of Genesis. Literature, Redaction and History<\/em>, BEThL 155, Leuven: Peeters, 2001, 81\u2013104.<\/li>\n<li>Dohmen, Christoph, Das Zelt au\u00dferhalb des Lagers. Exodus 33,7\u201311 zwischen Synchronie und Diachronie, in: Kiesow, Klaus\/Meurer, Thomas (Hg.),\u00a0<em>Textarbeit. Studien zu Texten und ihrer Rezeption aus dem Alten Testament und der Umwelt Israels<\/em> (FS Peter Weimar), M\u00fcnster: Ugarit-Verlag, 2003, 157\u2013169.<\/li>\n<li>Ederer, Matthias, Ende und Anfang. Der Prolog des Richterbuches (Ri 1,1-3,6) in &#8220;Biblischer Auslegung&#8221; (HBS 68), Freiburg i.Br.: Herder, 2011.<\/li>\n<li>Ederer, Matthias,\u00a0Aufbr\u00fcche zur Exodustheologie. Das Itinerar Num 33,1-49 als theologische Deutung der W\u00fcstenzeit Israels (SBS 231), Stuttgart: Verlag Katholisches Bibelwerk, 2014.<\/li>\n<li>Frankem\u00f6lle, Hubert,\u00a0<em>Matth\u00e4uskommentar 1<\/em>, D\u00fcsseldorf: Patmos,\u00a0<sup>2<\/sup>1999.<\/li>\n<li>Gillmayr-Bucher, Susanne, The Psalm Headings: A Canonical Relecture of the Psalms, in: Jonge, Henk Jan de\/Auwers, Jean-Marie (Hg.),\u00a0<em>The Biblical Canons<\/em>, BEThL 163, Leuven: Peeters, 2003, 247-254.<\/li>\n<li>Hensel, Benedikt,\u00a0Die Vertauschung des Erstgeburtssegens in der Genesis. Eine Analyse der narrativ-theologischen Grundstruktur des ersten Buches der Tora (BZAW 423), Berlin\/New York: de Gruyter, 2011.<\/li>\n<li>Hieke, Thomas, BIBLOS GENESEOS. Mt 1,1 vom Buch Genesis her gelesen, in: Jonge, Henk Jan de\/Auwers, Jean-Marie (Hg.),\u00a0<em>The Biblical Canons<\/em>, BEThL 163, Leuven: Peeters, 2003,\u00a0635\u2013649.<\/li>\n<li>Hieke, Thomas,\u00a0<em>Die Genealogien der Genesis<\/em>, Herders Biblische Studien 39, Freiburg i. Br. u.a.: Herder, 2003.<\/li>\n<li>Hieke, Thomas, Endogamy in the Book of Tobit, Genesis, and Ezra-Nehemiah, in: Xeravits, G\u00e9za G.\/Zsengell\u00e9r, J\u00f3zsef (eds.),\u00a0<em>The Book of Tobit. Text, Tradition, Theology <\/em>(Supplements to the Journal for the Study of Judaism 98), Leiden\/Boston: Brill, 2005, 103\u2013120.<\/li>\n<li>Hieke, Thomas, \u201eEr verschlingt den Tod f\u00fcr immer\u201c (Jes 25,8). Eine unerf\u00fcllte Verhei\u00dfung im Alten und Neuen Testament, in:\u00a0<em>Biblische Zeitschrift<\/em> 50 (2006) 31-50.<\/li>\n<li>Hieke, Thomas, Der Seher Johannes als neuer Ezechiel. Die Offenbarung des Johannes vom Ezechielbuch her gelesen, in: Dieter S\u00e4nger (Hg.),\u00a0<em>Das Ezechielbuch in der Johannesoffenbarung<\/em> (Biblisch-theologische Studien 76), Neukirchen-Vluyn: Neukirchener, 2006.<\/li>\n<li>Hieke, Thomas, Q 7:22 \u2013 A Compendium of Isaian Eschatology, in: Ephemerides Theologicae Lovanienses 82 (2006) 173-185.<\/li>\n<li>Hieke, Thomas,\u00a0<em>Kult und Ethos. Die Verschmelzung von rechtem Gottesdienst und gerechtem Handeln im Lesevorgang der Maleachischrift<\/em> (SBS 208), Stuttgart: Katholisches Bibelwerk, 2006.<\/li>\n<li>Hieke, Thomas, The Role of \u201eScripture\u201c in the Last Words of Mattathias (1 Macc 2:49-70), in: Xeravits, G\u00e9za G.\/Zsengell\u00e9r, J\u00f3zsef (eds.),\u00a0<em>The Books of the Maccabees. History, Theology, Ideology,<\/em>Supplements to the Journal for the Study of Judaism 118, Leiden\/Boston: Brill, 2007, 61-74.<\/li>\n<li>Hieke, Thomas, Ein Psalm, der von der Zuverl\u00e4ssigkeit der Lehre \u00fcberzeugt: Das Magnificat (Lk 1,46-55) als Br\u00fcckentext zwischen zwei Geschichten Gottes mit seinem Volk, in:\u00a0<em>Trierer Theologische Zeitschrift<\/em> 116 (2007) 1-26.<\/li>\n<li>Hieke, Thomas, Das Petrusevangelium vom Alten Testament her gelesen. Gewinnbringende Lekt\u00fcre eines nicht-kanonischen Textes vom christlichen Kanon her, in: Kraus, Thomas J.\/Nicklas, Tobias (Hg.),<em>Das Evangelium nach Petrus. Text, Kontexte, Intertexte<\/em> (TU 158), Berlin\/New York: de Gruyter, 2007, 91\u2013115.<\/li>\n<li>Hieke, Thomas, \u201eBiblische Texte als Texte der Bibel auslegen\u201c. Dargestellt am Beispiel von Offb 22,6\u201321 und anderen kanonrelevanten Texten, in: Ballhorn, Egbert\/Steins, Georg (Hg.),\u00a0<em>Der Bibelkanon in der Bibelauslegung. Methodenreflexionen und Beispielexegesen<\/em>, Stuttgart: Kohlhammer, 2007, 331\u2013345.<\/li>\n<li>Hieke, Thomas, The Role of \u2018Scripture\u2019 in the Eulogy of Simon (1Macc 14:4-15), in: Egger-Wenzel, Renate; Sch\u00f6pflin, Karin; Diehl, Johannes F. (Hg.), <em>Weisheit als Lebensgrundlage. Festschrift f\u00fcr Friedrich V. Reiterer zum 65. Geburtstag<\/em> (Deuterocanonical and Cognate Literature Studies 15), Berlin\/New York: de Gruyter, 2013, 151-167.<\/li>\n<li>Hieke, Thomas (Hg.), <em>Formen des Kanons. Studien zu Auspr\u00e4gungen des biblischen Kanons von der Antike bis zum 19. Jahrhundert <\/em>(SBS 228), Stuttgart: Katholisches Bibelwerk, 2013. ISBN 978-3-460-03284-2. <a title=\"English Abstracts\" href=\"http:\/\/biblischeauslegung.de\/?page_id=53\">Abstract<\/a><\/li>\n<li>Hieke, Thomas, Jedem Ende wohnt ein Zauber inne \u2026 Schlussverse j\u00fcdischer und christlicher Kanonauspr\u00e4gungen, in: Hieke, Thomas (Hg.), Formen des Kanons. Studien zu Auspr\u00e4gungen des biblischen Kanons von der Antike bis zum 19. Jahrhundert (SBS 228), Stuttgart: Katholisches Bibelwerk, 2013, 225-252. <a title=\"English Abstracts\" href=\"http:\/\/biblischeauslegung.de\/?page_id=53\">Abstract<\/a><\/li>\n<li>Hieke, Thomas\/Nicklas, Tobias, <em>\u00bbDie Worte der Prophetie dieses Buches\u00ab. Offenbarung 22,6-21 als Schlussstein der christlichen Bibel Alten und Neuen Testaments gelesen<\/em>, Biblisch-Theologische Studien 62, Neukirchen-Vluyn: Neukirchener, 2003. <a title=\"English Abstracts\" href=\"http:\/\/biblischeauslegung.de\/?page_id=53\">Abstract<\/a><\/li>\n<li>Jacob, Benno,\u00a0<em>Der Pentateuch. Exegetisch-kritische Forschungen<\/em>, Leipzig: Veit &amp; Comp., 1905.<\/li>\n<li>Jacob, Benno,\u00a0<em>Das erste Buch der Tora. Genesis,<\/em> Berlin: Schocken, 1934.<\/li>\n<li>Jacob, Benno,\u00a0<em>Das Buch Exodus<\/em>, Stuttgart: Calwer Verlag, 1997.<\/li>\n<li>Liss, Hanna, Kanon und Fiktion. Zur literarischen Funktion biblischer Rechtstexte, in:\u00a0<em>Biblische Notizen &#8211; Neue Folge<\/em> 121 (2004) 7-38.<\/li>\n<li>Millard, Matthias,\u00a0<em>Die Genesis als Er\u00f6ffnung der Tora. Kompositions- und auslegungsgeschichtliche Ann\u00e4herungen an das erste Buch Mose<\/em>, WMANT 90, Neukirchen-Vluyn: Neukirchener, 2001.<\/li>\n<li>Millard, Matthias, Simson und das Ende des Richterbuches. Ein Beispiel einer Kanonexegese zwischen kompositions- und wirkungsgeschichtlicher Auslegung, in: Jonge, Henk Jan de\/Auwers, Jean-Marie (Hg.),\u00a0<em>The Biblical Canons<\/em>, BEThL 163, Leuven: Peeters, 2003, 227-234.<\/li>\n<li>Millard, Matthias, Das Tun der Tora als Thema einer kanonorientierten Lekt\u00fcre des Richterbuches. Beispiele anhand der drei m\u00e4nnlichen Hauptfiguren Gideon, Jefta und Simson, in: Steins, Georg; Taschner, Johannes (Hg.),\u00a0<em>Kanonisierung &#8211; die hebr\u00e4ische Bibel im Werden<\/em> (Biblisch-theologische Studien 110), Neukirchen-Vluyn: Neukirchener, 2010, 93\u2013106.<\/li>\n<li>Nicklas, Tobias, A<em>bl\u00f6sung und Verstrickung. \u201eJuden\u201c und J\u00fcngergestalten als Charaktere der erz\u00e4hlten Welt des Johannesevangeliums und ihre Wirkung auf den impliziten Leser<\/em>, Regensburger Studien zur Theologie 60, Frankfurt am Main (u.a.): Peter Lang, 2001.<\/li>\n<li>Nicklas, Tobias, Literarkritik und Leserrezeption. Ein Beitrag zur Methodendiskussion am Beispiel Joh 3,22\u20134,3, in:\u00a0<em>Biblica<\/em> 83 (2002) 175\u2013192.<\/li>\n<li>Nicklas, Tobias, Die Hochzeit zu Kana (Joh 2,1-11) in biblischer Auslegung, in:\u00a0<em>Zeitschrift f\u00fcr Katholische Theologie <\/em>126 (2004) 241-256.<\/li>\n<li>Nicklas, Tobias, Die johanneische &#8220;Tempelreinigung&#8221; f\u00fcr Leser der Synoptiker, in: Theologie und Philosophie 80 (2005) 1-16.<\/li>\n<li>Scheetz, Jordan M., The Concept of Canonical Intertextuality and the Book of Daniel, Cambridge: James Clarke, 2012.<\/li>\n<li>Sch\u00f6ning, Benedict, &#8220;Drei Dinge sind es, die mir zu wunderbar sind, und vier, die ich nicht begreife&#8221;. Bileams Segen \u00fcber Israel (Num 21,41 &#8211; 24,25) (BThS 132), Neukirchen-Vluyn: Neukirchener, 2013.<\/li>\n<li>Scholtissek, Klaus,\u00a0<em>In ihm sein und bleiben. Die Sprache der Immanenz in den johanneischen Schriften<\/em>, HBS 21, Freiburg: Herder, 1999.<\/li>\n<li>Schwienhorst-Sch\u00f6nberger, Ludger, Das Hohelied und die Kontextualit\u00e4t des Verstehens, in: Clines, David J.A.\/Lichtenberger, Hermann\/M\u00fcller, Hans-Peter (Hg.),\u00a0<em>Weisheit in Israel. Beitr\u00e4ge des Symposions &#8220;Das Alte Testament und die Kultur der Moderne&#8221; anl\u00e4sslich des 100. Geburtstags Gerhard von Rads<\/em>, Altes Testament und Moderne 12, M\u00fcnster: LIT, 2003, 81-91.<\/li>\n<li>Schwienhorst-Sch\u00f6nberger, Ludger, Buch der Natur. Koh 12,5 und die R\u00fcckkehr des Lebens,in: Hossfeld, Frank-Lothar\/Schwienhorst-Sch\u00f6nberger, Ludger (Hg.),\u00a0<em>Das Manna f\u00e4llt auch heute noch. Beitr\u00e4ge zur Geschichte und Theologie des Alten, Ersten Testaments. Festschrift f\u00fcr Erich Zenger,<\/em> Herders Biblische Studien 44, Freiburg\/Basel\/Wien: Herder, 2004, 532-547.<\/li>\n<li>Schwienhorst-Sch\u00f6nberger, Ludger, &#8220;F\u00fcr alles gibt es eine Stunde&#8221; (Koh 3,1). Das Verst\u00e4ndnis der Zeit im Alten Testament, in:\u00a0<em>Theologisch-Praktische Quartalsschrift<\/em> 154,4 (2006) 356-364.<\/li>\n<li>Scoralick, Ruth,\u00a0<em>Gottes G\u00fcte und Gottes Zorn. Die Gottespr\u00e4dikationen in Exodus 34,6f und ihre intertextuellen Beziehungen zum Zw\u00f6lfprophetenbuch<\/em>, HBS 33, Freiburg: Herder, 2002.<\/li>\n<li>Steinberg, Julius, Kanonische \u201eLesarten\u201c des Hohenliedes, in: Hieke, Thomas (Hg.), Formen des Kanons. Studien zu Auspr\u00e4gungen des biblischen Kanons von der Antike bis zum 19. Jahrhundert (SBS 228), Stuttgart: Katholisches Bibelwerk, 2013, 164-183. <a title=\"English Abstracts\" href=\"http:\/\/biblischeauslegung.de\/?page_id=53\">Abstract<\/a><\/li>\n<li>Steins, Georg,\u00a0<em>Die \u201eBindung Isaaks\u201c im Kanon (Gen 22). Grundlagen und Programm einer kanonisch-intertextuellen Lekt\u00fcre<\/em>, HBS 20, Freiburg: Herder, 1999.<\/li>\n<li>Steins, Georg, 1 Chr 1\u201310 als Set up der Chronikb\u00fccher, in: Kiesow, Klaus\/ Meurer, Thomas (Hg.), T<em>extarbeit. Studien zu Texten und ihrer Rezeption aus dem Alten Testament und der Umwelt Israels<\/em> (FS Peter Weimar), M\u00fcnster: Ugarit-Verlag, 2003, 483\u2013504.<\/li>\n<li>Steins, Georg, Amos 7-9 &#8211; das Geburtsprotokoll der alttestamentlichen Gerichtsprophetie?, in: Hossfeld, Frank-Lothar\/Schwienhorst-Sch\u00f6nberger, Ludger (Hg.),\u00a0<em>Das Manna f\u00e4llt auch heute noch. Beitr\u00e4ge zur Geschichte und Theologie des Alten, Ersten Testaments. Festschrift f\u00fcr Erich Zenger,<\/em> Herders Biblische Studien 44, Freiburg\/Basel\/Wien: Herder, 2004, 585-608.\u00a0<a title=\"English Abstracts\" href=\"http:\/\/biblischeauslegung.de\/?page_id=53\">Abstract<\/a><\/li>\n<li>Steins, Georg, Inszenierungen des Lesens und Lernens in Neh 8,1\u201312, in: Ego, Beate\/Merkel, Helmut (Hg.),\u00a0<em>Religi\u00f6ses Lernen im Alten Testament, antiken Judentum und fr\u00fchen Christentum<\/em>, T\u00fcbingen: Mohr Siebeck, 2005, 83-97.<\/li>\n<li>Steins, Georg,\u00a0<em>Kanonisch-intertextuelle Studien zum Alten Testament<\/em>, SBAB 48, Stuttgart 2009.<\/li>\n<li>Steins, Georg,\u00a0<em>Gericht und Vergebung. Re-Visionen zum Amosbuch,<\/em> SBS 221, Stuttgart 2010.<\/li>\n<li>Taschner, Johannes,\u00a0<em>Verhei\u00dfung und Erf\u00fcllung in der Jakoberz\u00e4hlung (Gen 25,19 \u2013 33,17). Eine Analyse ihres Spannungsbogens<\/em>, HBS 27, Freiburg: Herder, 2000.<\/li>\n<li>Taschner, Johannes, &#8220;F\u00fcgt nichts zu dem hinzu, was ich euch gebiete, und streicht nichts heraus!&#8221; Die Kanonformel in Deuteronomium 4,2 als hermeneutischer Schl\u00fcssel der Tora, in: Steins, Georg; Taschner, Johannes (Hg.),\u00a0<em>Kanonisierung &#8211; die hebr\u00e4ische Bibel im Werden<\/em> (Biblisch-theologische Studien 110), Neukirchen-Vluyn: Neukirchener, 2010, 46\u201363.<\/li>\n<li>Taschner, Johannes, Das Deuteronomium als Abschluss der Tora, in: Steins, Georg; Taschner, Johannes (Hg.),\u00a0<em>Kanonisierung &#8211; die hebr\u00e4ische Bibel im Werden<\/em> (Biblisch-theologische Studien 110), Neukirchen-Vluyn: Neukirchener, 2010, 64\u201392.<\/li>\n<li>Trimpe, Birgit,\u00a0<em>Von der Sch\u00f6pfung bis zur Zerstreuung. Intertextuelle Interpretationen der biblischen Urgeschichte (Gen 1\u201311)<\/em>, Osnabr\u00fccker Studien zur J\u00fcdischen und Christlichen Bibel, Osnabr\u00fcck: Universit\u00e4tsverlag Rasch, 2000.<\/li>\n<li>Weber, Beat, Psalm 1 and Its Function as a Directive into the Psalter and towards a Biblical Theology, in:\u00a0<em>Old Testament Essays<\/em> 19 (2006) 237\u2013260.<\/li>\n<li>Weber, Beat, Der Beitrag von Psalm 1 zu einer \u201eTheologie der Schrift\u201c, in:\u00a0<em>Jahrbuch f\u00fcr evangelikale Theologie <\/em>20 (2006) 83\u2013113.<\/li>\n<li>Wenzel, Heiko, Die unver\u00e4nderte Abfolge Obadja \u2013 Jona im Zw\u00f6lfprophetenbuch, in: Hieke, Thomas (Hg.), Formen des Kanons. Studien zu Auspr\u00e4gungen des biblischen Kanons von der Antike bis zum 19. Jahrhundert (SBS 228), Stuttgart: Katholisches Bibelwerk, 2013, 184-208. <a title=\"English Abstracts\" href=\"http:\/\/biblischeauslegung.de\/?page_id=53\">Abstract<\/a><\/li>\n<\/ul>\n<p>&nbsp;<\/p>\n","protected":false},"excerpt":{"rendered":"<p>Ballhorn, Egbert, Vom Sekret\u00e4r des Jeremia zum schriftgelehrten Weisen. Die Figur des Baruch und die kanonische Einbindung des Buches, in: Hieke, Thomas (Hg.), Formen des Kanons. Studien zu Auspr\u00e4gungen des biblischen Kanons von der Antike bis zum 19. Jahrhundert (SBS &hellip; <a href=\"http:\/\/biblischeauslegung.de\/?page_id=67\">Continue reading <span class=\"meta-nav\">&rarr;<\/span><\/a><\/p>\n","protected":false},"author":1,"featured_media":0,"parent":2,"menu_order":2,"comment_status":"closed","ping_status":"closed","template":"","meta":{"footnotes":""},"class_list":["post-67","page","type-page","status-publish","hentry"],"_links":{"self":[{"href":"http:\/\/biblischeauslegung.de\/index.php?rest_route=\/wp\/v2\/pages\/67","targetHints":{"allow":["GET"]}}],"collection":[{"href":"http:\/\/biblischeauslegung.de\/index.php?rest_route=\/wp\/v2\/pages"}],"about":[{"href":"http:\/\/biblischeauslegung.de\/index.php?rest_route=\/wp\/v2\/types\/page"}],"author":[{"embeddable":true,"href":"http:\/\/biblischeauslegung.de\/index.php?rest_route=\/wp\/v2\/users\/1"}],"replies":[{"embeddable":true,"href":"http:\/\/biblischeauslegung.de\/index.php?rest_route=%2Fwp%2Fv2%2Fcomments&post=67"}],"version-history":[{"count":8,"href":"http:\/\/biblischeauslegung.de\/index.php?rest_route=\/wp\/v2\/pages\/67\/revisions"}],"predecessor-version":[{"id":159,"href":"http:\/\/biblischeauslegung.de\/index.php?rest_route=\/wp\/v2\/pages\/67\/revisions\/159"}],"up":[{"embeddable":true,"href":"http:\/\/biblischeauslegung.de\/index.php?rest_route=\/wp\/v2\/pages\/2"}],"wp:attachment":[{"href":"http:\/\/biblischeauslegung.de\/index.php?rest_route=%2Fwp%2Fv2%2Fmedia&parent=67"}],"curies":[{"name":"wp","href":"https:\/\/api.w.org\/{rel}","templated":true}]}}