{"id":70,"date":"2012-04-12T00:55:50","date_gmt":"2012-04-11T22:55:50","guid":{"rendered":"http:\/\/biblischeauslegung.de\/?page_id=70"},"modified":"2015-10-22T14:36:46","modified_gmt":"2015-10-22T12:36:46","slug":"hermeneutik","status":"publish","type":"page","link":"http:\/\/biblischeauslegung.de\/?page_id=70","title":{"rendered":"Hermeneutik"},"content":{"rendered":"<ul>\n<li>Ballhorn, Egbert\/Steins, Georg (Hg.), Der Bibelkanon in der Bibelauslegung. Methodenreflexionen und Beispielexegesen, Stuttgart u.a.: Kohlhammer, 2007.<\/li>\n<li>Dohmen, Christoph, Art. Exegese, in:\u00a0<em>Lexikon f\u00fcr Theologie und Kirche (3. Auflage)<\/em> 3 (1995) 1087\u20131096.<\/li>\n<li>Dohmen, Christoph,\u00a0<em>Die Bibel und ihre Auslegung<\/em>, M\u00fcnchen: C.H. Beck, 1998.<\/li>\n<li>Dohmen, Christoph, Biblische Auslegung. Wie alte Texte neue Bedeutungen haben k\u00f6nnen, in: Hossfeld, Frank-Lothar\/Schwienhorst-Sch\u00f6nberger, Ludger (Hg.),\u00a0<em>Das Manna f\u00e4llt auch heute noch. Beitr\u00e4ge zur Geschichte und Theologie des Alten, Ersten Testaments. Festschrift f\u00fcr Erich Zenger,<\/em> Herders Biblische Studien 44, Freiburg\/Basel\/Wien: Herder, 2004, 174-191.\u00a0<a title=\"English Abstracts\" href=\"http:\/\/biblischeauslegung.de\/?page_id=53\">Abstract<\/a><\/li>\n<li>Dohmen, Christoph, Vielf\u00e4ltig wie die Bibel selbst. Aktuelle Tendenzen in der alttestamentlichen Wissenschaft:\u00a0<em>Herder Korrespondenz Spezial: Glauben denken<\/em>, 2008.<\/li>\n<li>Dohmen, Christoph, Kanonische Exegese, in: F.-J. Ortkemper\/Florian Schuller (Hrsg.),\u00a0<em>Berufen, das Wort Gottes zu verk\u00fcndigen. Die Botschaft der Bibel im Leben und in der Sendung der Kirche<\/em>, Stuttgart 2008, 21-33.<\/li>\n<li>Dohmen, Christoph, Mehr als ein Kanon. Die Bibel als Grundlage menschlicher Glaubensgemeinschaften, in: Kollmar-Paulenz, Kar\u00e9nina; Linder, Nikolaus; Luminati, Michele; M\u00fcller, Wolfgang W. Rudolph Enno (Hg.),\u00a0<em>Kanon und Kanonisierung. Ein Schl\u00fcsselbegriff der Kulturwissenschaften im interdisziplin\u00e4ren Dialog <\/em>(TeNor &#8211; Text und Normativit\u00e4t, 2), Basel: Schwabe, 2011, 238\u2013255.<\/li>\n<li>Dohmen, Christoph\/Hieke, Thomas,\u00a0<em>Das Buch der B\u00fccher. Die Bibel &#8211; Eine Einf\u00fchrung<\/em>, Topos plus positionen (208 Seiten, ISBN 3-7867-8524-4), Regensburg: Pustet, 2005.<\/li>\n<li>Dohmen, Christoph\/Hieke, Thomas, Roter Faden durch die Bibel?, in:\u00a0<em>Katechetische Bl\u00e4tter<\/em> 131 (2006) 242-248.<\/li>\n<li>Dohmen, Christoph\/Oeming, Manfred,\u00a0<em>Biblischer Kanon \u2013 warum und wozu?<\/em>, QD 137, Freiburg: Herder, 1992.<\/li>\n<li>Dohmen, Christoph\/Steins, Georg, Art.\u00a0<a title=\"Einf\u00fchrung\" href=\"http:\/\/biblischeauslegung.de\/?page_id=11\">Schriftauslegung<\/a>, in:\u00a0<em>Lexikon f\u00fcr Theologie und Kirche (3. Auflage)<\/em> 9 (2000) 253\u2013256.<\/li>\n<li>Dohmen, Christoph\/Stemberger, G\u00fcnter,\u00a0<em>Hermeneutik der J\u00fcdischen Bibel und des Alten Testaments<\/em>, Stuttgart\/Berlin\/K\u00f6ln: Kohlhammer, 1996.<\/li>\n<li>Eco, Umberto,\u00a0<em>Die Grenzen der Interpretation<\/em>, M\u00fcnchen: Hanser, 1992.<\/li>\n<li>Eco, Umberto,\u00a0<em>Im Wald der Fiktionen. Sechs Streifz\u00fcge durch die Literatur<\/em>, M\u00fcnchen: dtv, 1999.<\/li>\n<li>Ehlich, Konrad, Text und sprachliches Handeln. Die Entstehung von Texten aus dem Bed\u00fcrfnis nach \u00dcberlieferung, in: Assmann, Aleida\/Assmann, Jan\/Hardmeier, Christof (Hg.),\u00a0<em>Schrift und Ged\u00e4chtnis. Beitr\u00e4ge zur Arch\u00e4ologie der literarischen Kommunikation<\/em>, M\u00fcnchen: Wilhelm Fink, 1983, 24\u201343.<\/li>\n<li>Hieke, Thomas, Vom Verstehen biblischer Texte. Methodologisch-hermeneutische Erw\u00e4gungen zum Programm einer \u00bbbiblischen Auslegung\u00ab, in:\u00a0<em>Biblische Notizen <\/em>119\/120 (2003) 71-89.\u00a0<a href=\"http:\/\/biblischeauslegung.de\/wp-content\/uploads\/2012\/04\/TH_verstehen.pdf\" target=\"_blank\">PDF-Datei<\/a><\/li>\n<li>Hieke, Thomas, Neue Horizonte. Biblische Auslegung als Weg zu ungew\u00f6hnlichen Perspektiven, in:\u00a0<em>Zeitschrift f\u00fcr Neues Testament<\/em> 12 (2003) 65-76.<\/li>\n<li>Hieke, Thomas, Alles Auslegungssache. Methodisch-hermeneutische Erw\u00e4gungen zur Kontextualisierung biblischer Auslegung, in:\u00a0<em>Biblische Notizen. Neue Folge<\/em> 140 (2009) 95\u2013110.<\/li>\n<li>Hieke, Thomas, Zum Verh\u00e4ltnis von Biblischer Auslegung und historischer R\u00fcckfrage, in:\u00a0<em>Internationale Katholische Zeitschrift communio<\/em> 39 (2010) 264-274.<\/li>\n<li>Hieke, Thomas (Hg.), <em>Formen des Kanons. Studien zu Auspr\u00e4gungen des biblischen Kanons von der Antike bis zum 19. Jahrhundert <\/em>(SBS 228), Stuttgart: Katholisches Bibelwerk, 2013. ISBN 978-3-460-03284-2. <a title=\"English Abstracts\" href=\"http:\/\/biblischeauslegung.de\/?page_id=53\">Abstract<\/a><\/li>\n<li>Hieke, Thomas, Dei Verbum und Biblische Auslegung, in: Ansorge, Dirk (Hg.), Das Zweite Vatikanische Konzil. Impulse und Perspektiven (Frankfurter Theologische Studien, 70), M\u00fcnster: Aschendorff, 2013, 52\u201374.<\/li>\n<li>H\u00fcbenthal, Sandra\/Handschuh, Christian, Der Trienter Kanon als kulturelles Ged\u00e4chtnis, in: Hieke, Thomas (Hg.), Formen des Kanons. Studien zu Auspr\u00e4gungen des biblischen Kanons von der Antike bis zum 19. Jahrhundert (SBS 228), Stuttgart: Katholisches Bibelwerk, 2013, 104-150. <a title=\"English Abstracts\" href=\"http:\/\/biblischeauslegung.de\/?page_id=53\">Abstract<\/a><\/li>\n<li>Janowski, Bernd (Hg.),\u00a0<em>Kanonhermeneutik. Vom Lesen und Verstehen der christlichen Bibel<\/em> (Theologie interdisziplin\u00e4r, 1), Neukirchen-Vluyn: Neukirchener Verlag, 2007.<\/li>\n<li>Krieg, Carola, Javne und der Kanon. Kl\u00e4rungen, in: Steins, Georg; Taschner, Johannes (Hg.),\u00a0<em>Kanonisierung &#8211; die hebr\u00e4ische Bibel im Werden<\/em> (Biblisch-theologische Studien 110), Neukirchen-Vluyn: Neukirchener, 2010, 132\u2013152.<\/li>\n<li>Leutzsch, Martin, Die Transformationen des lutherischen Kanons und der Lutherbibel, in: Hieke, Thomas (Hg.), Formen des Kanons. Studien zu Auspr\u00e4gungen des biblischen Kanons von der Antike bis zum 19. Jahrhundert (SBS 228), Stuttgart: Katholisches Bibelwerk, 2013, 61-103. <a title=\"English Abstracts\" href=\"http:\/\/biblischeauslegung.de\/?page_id=53\">Abstract<\/a><\/li>\n<li>Link, Hannelore,\u00a0<em>Rezeptionsforschung. Eine Einf\u00fchrung in Methoden und Probleme<\/em>, Stuttgart\u00a0 u.a.: Kohlhammer, 1980.<\/li>\n<li>Liss, Hanna, Kanon und Fiktion. Zur literarischen Funktion biblischer Rechtstexte, in:\u00a0<em>Biblische Notizen &#8211; Neue Folge<\/em> 121 (2004) 7-38.<\/li>\n<li>Lohfink, Norbert, Eine Bibel \u2013 zwei Testamente, in: Dohmen, Christoph\/S\u00f6ding, Thomas (Hg.),\u00a0<em>Eine Bibel \u2013 zwei Testamente<\/em>, UTB 1893, Paderborn: Sch\u00f6ningh, 1995, 71\u201381.<\/li>\n<li>Millard, Matthias, Die alten Septuaginta-Codizes und ihre Bedeutung f\u00fcr die Geschichte des biblischen Kanons, in: Hieke, Thomas (Hg.), Formen des Kanons. Studien zu Auspr\u00e4gungen des biblischen Kanons von der Antike bis zum 19. Jahrhundert (SBS 228), Stuttgart: Katholisches Bibelwerk, 2013, 40-61. <a title=\"English Abstracts\" href=\"http:\/\/biblischeauslegung.de\/?page_id=53\">Abstract<\/a><\/li>\n<li>P\u00e4pstliche Bibelkommission,\u00a0<em>Die Interpretation der Bibel in der Kirche<\/em>, Verlautbarungen des Apostolischen Stuhls 115, Bonn: Sekretariat der Deutschen Bischofskonferenz, 1996.<\/li>\n<li>P\u00e4pstliche Bibelkommission,\u00a0<em>Das j\u00fcdische Volk und seine Heilige Schrift in der christlichen Bibel<\/em>, Verlautbarungen des Apostolischen Stuhls 152, Bonn: Sekretariat der Deutschen Bischofskonferenz, 2001.<\/li>\n<li>Raguse, Hartmut,\u00a0<em>Der Raum des Textes. Elemente einer transdisziplin\u00e4ren theologischen Hermeneutik<\/em>, Stuttgart\/Berlin\/K\u00f6ln: Kohlhammer, 1994.<\/li>\n<li>Rahner, Johanna, Kanonische und\/oder kirchliche Schriftauslegung? Der Kanon und die Suche nach der Einheit, in:\u00a0<em>Zeitschrift f\u00fcr Katholische Theologie<\/em> 123 (2001) 402\u2013422.<\/li>\n<li>Ricoeur, Paul, Philosophische und theologische Hermeneutik, in: Ricoeur, Paul\/J\u00fcngel, Eberhard (Hg.),\u00a0<em>Metapher. Zur Hermeneutik religi\u00f6ser Sprache<\/em>, Sonderheft \u201eEvangelische Theologie\u201c, M\u00fcnchen: Chr. Kaiser, 1974, 24\u201345.<\/li>\n<li>Scheetz, Jordan M., Ancient Witnesses, Canonical Theories, and Canonical Intertextuality, in: Hieke, Thomas (Hg.), Formen des Kanons. Studien zu Auspr\u00e4gungen des biblischen Kanons von der Antike bis zum 19. Jahrhundert (SBS 228), Stuttgart: Katholisches Bibelwerk, 2013, 12-39. <a title=\"English Abstracts\" href=\"http:\/\/biblischeauslegung.de\/?page_id=53\">Abstract<\/a><\/li>\n<li>Scholtissek, Klaus, Relecture und r\u00e9\u00e9criture: Neue Paradigmen zu Methode und Inhalt der Johannesauslegung, in:\u00a0<em>Theologie und Philosophie<\/em> 75 (2000) 1\u201329.<\/li>\n<li>Schwienhorst-Sch\u00f6nberger, Ludger,\u00a0Einheit und Vielheit. Gibt es eine sinnvolle Suche nach der Mitte des Alten Testaments?, in: Hossfeld, Frank-Lothar (Hg.),\u00a0<em>Wieviel Systematik erlaubt die Schrift? Auf der Suche nach einer gesamtbiblischen Theologie<\/em>, QD 185, Freiburg: Herder, 2001, 48-87.<\/li>\n<li>Schwienhorst-Sch\u00f6nberger, Ludger, Einheit statt Eindeutigkeit. Paradigmenwechsel in der Bibelwissenschaft?, in: Herder Korrespondenz 57,8 (2003) 412-417.<\/li>\n<li>Schwienhorst-Sch\u00f6nberger, Ludger, Erleuchtungserfahrung und Schriftverst\u00e4ndnis, in: Lengsfeld, Peter (Hg.),\u00a0<em>Mystik &#8211; Spiritualit\u00e4t der Zukunft<\/em> (P. Willigis J\u00e4ger OSB zum 80. Geburtstag), Freiburg i.Br.\/Basel\/Wien: Herder, 2005, 251-264.<\/li>\n<li>Schwienhorst-Sch\u00f6nberger, Ludger, Kontemplatives Schriftverst\u00e4ndnis. Zur Wechselbeziehung von kontemplativer \u00dcbung und Schriftverst\u00e4ndnis:\u00a0<em>Studies in Spirituality<\/em> 17 (2007) 115-125.<\/li>\n<li>Schwienhorst-Sch\u00f6nberger, Ludger, Mystik und Rationalit\u00e4t. Zum Jesus-Buch von Papst Benedikt XVI., in:\u00a0<em>Bibel und Kirche<\/em> 62,3 (2007) 185-188.<\/li>\n<li>Schwienhorst-Sch\u00f6nberger, Ludger, Gem\u00e4\u00df der Schrift. Altes Testament, Judentum und kanonische Exegese im Jesus-Buch von Benedikt XVI.:\u00a0<em>Herder-Korrespondenz Spezial: Jesus von Nazaret<\/em>, 2007, 10-14.<\/li>\n<li>Schwienhorst-Sch\u00f6nberger, Ludger, Was hei\u00dft heute, die Bibel sei inspiriertes Wort Gottes?, in: S\u00f6ding<em>, <\/em>Thomas (Hg.),<em> Geist im Buchstaben? Neue Ans\u00e4tze in der Exegese<\/em> (Quaestiones disputatae 225), Freiburg i. Br.\/Basel\/Wien: Herder 2007, 35-50.<\/li>\n<li>Smit, Peter-Ben, Ignaz von D\u00f6llinger und der Kanon. Von Polemik zum \u00f6kumenischen Konsens?, in: Hieke, Thomas (Hg.), Formen des Kanons. Studien zu Auspr\u00e4gungen des biblischen Kanons von der Antike bis zum 19. Jahrhundert (SBS 228), Stuttgart: Katholisches Bibelwerk, 2013, 151-162. <a title=\"English Abstracts\" href=\"http:\/\/biblischeauslegung.de\/?page_id=53\">Abstract<\/a><\/li>\n<li>Smit, Peter-Ben, From Canonical Criticism to Ecumenical Exegesis? A Study in Biblical Hermeneutics, Leiden: Brill, 2015.<\/li>\n<li>Steins, Georg, &#8220;Das Wort Gottes w\u00e4chst mit den Lesenden&#8221;. Eine folgenreiche R\u00fcckbesinnung gegenw\u00e4rtiger Bibelexegese, in:\u00a0<em>Lebendige Seelsorge <\/em>55 (2004) 74-81.<\/li>\n<li>Steins, Georg,\u00a0<em>Kanonisch-intertextuelle Studien zum Alten Testament<\/em>, SBAB 48, Stuttgart 2009.<\/li>\n<li>Steins, Georg, Zwei Konzepte &#8211; ein Kanon. Neue Theorien zur Entstehung und Eigenart der Hebr\u00e4ischen Bibel, in: Steins, Georg; Taschner, Johannes (Hg.),\u00a0<em>Kanonisierung &#8211; die hebr\u00e4ische Bibel im Werden<\/em>(Biblisch-theologische Studien 110), Neukirchen-Vluyn: Neukirchener, 2010, 8\u201345.<\/li>\n<li>Steins, Georg, Mose, dazu die Propheten und David. Tora, Toraauslegung und Kanonstruktur im Lichte der Chronikb\u00fccher, in: Steins, Georg; Taschner, Johannes (Hg.),\u00a0<em>Kanonisierung &#8211; die hebr\u00e4ische Bibel im Werden<\/em> (Biblisch-theologische Studien 110), Neukirchen-Vluyn: Neukirchener, 2010, 107\u2013131.<\/li>\n<li>Taschner, Johannes; Steins, Georg (Hg.),\u00a0<em>Kanonisierung &#8211; die hebr\u00e4ische Bibel im Werden <\/em>(Biblisch-theologische Studien 110), Neukirchen-Vluyn: Neukirchener, 2010.<\/li>\n<li>Veijola, Timo,\u00a0<em>Text, Wissenschaft und Glaube. \u00dcberlegungen eines Alttestamentlers zur L\u00f6sung des Grundproblems der biblischen Hermeneutik<\/em>, in:\u00a0<em>Jahrbuch f\u00fcr Biblische Theologie<\/em> 15 (2000) 313\u2013339.<\/li>\n<\/ul>\n<p>&nbsp;<\/p>\n","protected":false},"excerpt":{"rendered":"<p>Ballhorn, Egbert\/Steins, Georg (Hg.), Der Bibelkanon in der Bibelauslegung. Methodenreflexionen und Beispielexegesen, Stuttgart u.a.: Kohlhammer, 2007. Dohmen, Christoph, Art. Exegese, in:\u00a0Lexikon f\u00fcr Theologie und Kirche (3. Auflage) 3 (1995) 1087\u20131096. Dohmen, Christoph,\u00a0Die Bibel und ihre Auslegung, M\u00fcnchen: C.H. Beck, 1998. &hellip; <a href=\"http:\/\/biblischeauslegung.de\/?page_id=70\">Continue reading <span class=\"meta-nav\">&rarr;<\/span><\/a><\/p>\n","protected":false},"author":1,"featured_media":0,"parent":2,"menu_order":3,"comment_status":"closed","ping_status":"closed","template":"","meta":{"footnotes":""},"class_list":["post-70","page","type-page","status-publish","hentry"],"_links":{"self":[{"href":"http:\/\/biblischeauslegung.de\/index.php?rest_route=\/wp\/v2\/pages\/70","targetHints":{"allow":["GET"]}}],"collection":[{"href":"http:\/\/biblischeauslegung.de\/index.php?rest_route=\/wp\/v2\/pages"}],"about":[{"href":"http:\/\/biblischeauslegung.de\/index.php?rest_route=\/wp\/v2\/types\/page"}],"author":[{"embeddable":true,"href":"http:\/\/biblischeauslegung.de\/index.php?rest_route=\/wp\/v2\/users\/1"}],"replies":[{"embeddable":true,"href":"http:\/\/biblischeauslegung.de\/index.php?rest_route=%2Fwp%2Fv2%2Fcomments&post=70"}],"version-history":[{"count":8,"href":"http:\/\/biblischeauslegung.de\/index.php?rest_route=\/wp\/v2\/pages\/70\/revisions"}],"predecessor-version":[{"id":161,"href":"http:\/\/biblischeauslegung.de\/index.php?rest_route=\/wp\/v2\/pages\/70\/revisions\/161"}],"up":[{"embeddable":true,"href":"http:\/\/biblischeauslegung.de\/index.php?rest_route=\/wp\/v2\/pages\/2"}],"wp:attachment":[{"href":"http:\/\/biblischeauslegung.de\/index.php?rest_route=%2Fwp%2Fv2%2Fmedia&parent=70"}],"curies":[{"name":"wp","href":"https:\/\/api.w.org\/{rel}","templated":true}]}}